{"id":825,"date":"2025-07-25T12:38:33","date_gmt":"2025-07-25T12:38:33","guid":{"rendered":"https:\/\/wc2-test.parcelpanel.com\/restons-en-contact\/"},"modified":"2025-07-25T12:38:33","modified_gmt":"2025-07-25T12:38:33","slug":"restons-en-contact","status":"publish","type":"page","link":"https:\/\/wc2-test.parcelpanel.com\/fr\/restons-en-contact\/","title":{"rendered":"Restons en contact"},"content":{"rendered":"<p>Bonjour  [bwfan_subscriber_name] <\/p>\n<p>Aidez-nous \u00e0 am\u00e9liorer votre exp\u00e9rience avec nous gr\u00e2ce \u00e0 une meilleure communication. Veuillez ajuster vos pr\u00e9f\u00e9rences pour l&#8217;email [bwfan_subscriber_recipient].   <\/p>\n<p>[bwfan_unsubscribe_button label=\u00a0\u00bbMettre \u00e0 jour mes pr\u00e9f\u00e9rences\u00a0\u00bb].<\/p>\n","protected":false},"excerpt":{"rendered":"<p>Bonjour [bwfan_subscriber_name] Aidez-nous \u00e0 am\u00e9liorer votre exp\u00e9rience avec nous gr\u00e2ce \u00e0 une meilleure communication. Veuillez ajuster vos pr\u00e9f\u00e9rences pour l&#8217;email [bwfan_subscriber_recipient]. [bwfan_unsubscribe_button label=\u00a0\u00bbMettre \u00e0 jour mes pr\u00e9f\u00e9rences\u00a0\u00bb].<\/p>\n","protected":false},"author":1,"featured_media":0,"parent":0,"menu_order":0,"comment_status":"closed","ping_status":"closed","template":"","meta":{"footnotes":""},"class_list":["post-825","page","type-page","status-publish","hentry"],"_links":{"self":[{"href":"https:\/\/wc2-test.parcelpanel.com\/fr\/wp-json\/wp\/v2\/pages\/825","targetHints":{"allow":["GET"]}}],"collection":[{"href":"https:\/\/wc2-test.parcelpanel.com\/fr\/wp-json\/wp\/v2\/pages"}],"about":[{"href":"https:\/\/wc2-test.parcelpanel.com\/fr\/wp-json\/wp\/v2\/types\/page"}],"author":[{"embeddable":true,"href":"https:\/\/wc2-test.parcelpanel.com\/fr\/wp-json\/wp\/v2\/users\/1"}],"replies":[{"embeddable":true,"href":"https:\/\/wc2-test.parcelpanel.com\/fr\/wp-json\/wp\/v2\/comments?post=825"}],"version-history":[{"count":0,"href":"https:\/\/wc2-test.parcelpanel.com\/fr\/wp-json\/wp\/v2\/pages\/825\/revisions"}],"wp:attachment":[{"href":"https:\/\/wc2-test.parcelpanel.com\/fr\/wp-json\/wp\/v2\/media?parent=825"}],"curies":[{"name":"wp","href":"https:\/\/api.w.org\/{rel}","templated":true}]}}